{"id":44,"date":"2024-06-19T06:19:33","date_gmt":"2024-06-19T06:19:33","guid":{"rendered":"https:\/\/ijahn.de\/ollerosel\/?page_id=44"},"modified":"2025-09-15T07:22:35","modified_gmt":"2025-09-15T05:22:35","slug":"impressum","status":"publish","type":"page","link":"https:\/\/ijahn.de\/ollerosel\/impressum\/","title":{"rendered":"Impressum"},"content":{"rendered":"\n<div class=\"wp-block-group has-global-padding is-layout-constrained wp-container-core-group-is-layout-4383d167 wp-block-group-is-layout-constrained\">\n<div class=\"wp-block-group has-global-padding is-layout-constrained wp-container-core-group-is-layout-bea02a06 wp-block-group-is-layout-constrained\">\n<h3 class=\"wp-block-heading has-text-align-left has-contrast-color has-text-color has-zai-consul-polish-typewriter-font-family\">Herausgeber<\/h3>\n\n\n\n<figure class=\"wp-block-image size-full is-resized\"><img loading=\"lazy\" decoding=\"async\" width=\"512\" height=\"512\" src=\"https:\/\/ijahn.de\/ollerosel\/wp-content\/uploads\/2025\/08\/IntroOO4.png\" alt=\"\" class=\"wp-image-2227\" style=\"width:167px;height:auto\"\/><\/figure>\n\n\n\n<div class=\"wp-block-group has-global-padding is-layout-constrained wp-block-group-is-layout-constrained\">\n<p class=\"has-text-align-left has-border-color has-base-border-color\" style=\"border-width:10px\"><strong>oller Osel<\/strong><br>Duisburg <br><a href=\"mailto:info@ollerosel.de\" target=\"_blank\" rel=\"noreferrer noopener\">info@ollerosel.de<\/a><\/p>\n<\/div>\n\n\n\n<div class=\"wp-block-group has-global-padding is-layout-constrained wp-block-group-is-layout-constrained\">\n<p class=\"has-text-align-left has-border-color has-base-border-color\" style=\"border-width:10px\">Der Nutzung der Kontaktdaten zur \u00dcbersendung von Werbung wird hiermit ausdr\u00fccklich widersprochen.<\/p>\n\n\n\n<p class=\"has-text-align-left has-border-color has-base-border-color\" style=\"border-width:10px\">Solltest du dich durch Inhalte dieser Website in deinem Pers\u00f6nlichkeits- oder Urheberrecht verletzt f\u00fchlen, so w\u00e4hle bitte nicht den kosten- und zeitintensiven Weg \u00fcber einen Anwalt. Die Kontaktaufnahme \u00fcber o.g. E-Mail-Adresse verspricht in begr\u00fcndeten F\u00e4llen schnellere Abhilfe.<\/p>\n<\/div>\n<\/div>\n<\/div>\n","protected":false},"excerpt":{"rendered":"<p>Herausgeber oller OselDuisburg info@ollerosel.de Der Nutzung der Kontaktdaten zur \u00dcbersendung von Werbung wird hiermit ausdr\u00fccklich widersprochen. Solltest du dich durch Inhalte dieser Website in deinem Pers\u00f6nlichkeits- oder Urheberrecht verletzt f\u00fchlen, so w\u00e4hle bitte nicht den kosten- und zeitintensiven Weg \u00fcber einen Anwalt. Die Kontaktaufnahme \u00fcber o.g. E-Mail-Adresse verspricht in begr\u00fcndeten F\u00e4llen schnellere Abhilfe.<\/p>\n","protected":false},"author":2,"featured_media":0,"parent":0,"menu_order":0,"comment_status":"closed","ping_status":"closed","template":"","meta":{"footnotes":""},"class_list":["post-44","page","type-page","status-publish","hentry"],"_links":{"self":[{"href":"https:\/\/ijahn.de\/ollerosel\/wp-json\/wp\/v2\/pages\/44","targetHints":{"allow":["GET"]}}],"collection":[{"href":"https:\/\/ijahn.de\/ollerosel\/wp-json\/wp\/v2\/pages"}],"about":[{"href":"https:\/\/ijahn.de\/ollerosel\/wp-json\/wp\/v2\/types\/page"}],"author":[{"embeddable":true,"href":"https:\/\/ijahn.de\/ollerosel\/wp-json\/wp\/v2\/users\/2"}],"replies":[{"embeddable":true,"href":"https:\/\/ijahn.de\/ollerosel\/wp-json\/wp\/v2\/comments?post=44"}],"version-history":[{"count":31,"href":"https:\/\/ijahn.de\/ollerosel\/wp-json\/wp\/v2\/pages\/44\/revisions"}],"predecessor-version":[{"id":2286,"href":"https:\/\/ijahn.de\/ollerosel\/wp-json\/wp\/v2\/pages\/44\/revisions\/2286"}],"wp:attachment":[{"href":"https:\/\/ijahn.de\/ollerosel\/wp-json\/wp\/v2\/media?parent=44"}],"curies":[{"name":"wp","href":"https:\/\/api.w.org\/{rel}","templated":true}]}}