{"id":766,"date":"2025-07-17T17:46:04","date_gmt":"2025-07-17T15:46:04","guid":{"rendered":"https:\/\/ijahn.de\/ollerosel\/?page_id=766"},"modified":"2025-08-03T18:36:37","modified_gmt":"2025-08-03T16:36:37","slug":"news","status":"publish","type":"page","link":"https:\/\/ijahn.de\/ollerosel\/news\/","title":{"rendered":"News"},"content":{"rendered":"\n<main class=\"wp-block-group blog-feed-one has-global-padding is-layout-constrained wp-container-core-group-is-layout-d5e82346 wp-block-group-is-layout-constrained\" style=\"margin-bottom:0;padding-top:0;padding-right:0;padding-bottom:0;padding-left:0\">\n<div class=\"wp-block-query alignwide has-global-padding is-layout-constrained wp-container-core-query-is-layout-db9edeb8 wp-block-query-is-layout-constrained\"><ul class=\"alignwide wp-block-post-template is-layout-flow wp-container-core-post-template-is-layout-56df9aa4 wp-block-post-template-is-layout-flow\"><li class=\"wp-block-post post-2146 post type-post status-publish format-standard has-post-thumbnail hentry category-lifehack tag-budget tag-debitkarte tag-ein-ausgaben tag-einkaufszettel tag-email tag-haushaltsbuch tag-konto tag-link tag-sonderangebot tag-wocheneinkauf\">\n\n<div class=\"wp-block-group alignwide is-nowrap is-layout-flex wp-container-core-group-is-layout-bb2c3a78 wp-block-group-is-layout-flex\" style=\"border-bottom-style:none;border-bottom-width:0px;margin-bottom:0;padding-top:0;padding-bottom:0\"><figure style=\"height:400px;\" class=\"alignwide wp-block-post-featured-image\"><a href=\"https:\/\/ijahn.de\/ollerosel\/lebenshilfen\/\" target=\"_self\"  style=\"height:400px\"><img loading=\"lazy\" decoding=\"async\" width=\"1200\" height=\"500\" src=\"https:\/\/ijahn.de\/ollerosel\/wp-content\/uploads\/2025\/08\/Beitrag-Lifehack.jpg\" class=\"attachment-post-thumbnail size-post-thumbnail wp-post-image\" alt=\"Lebenshilfen\" style=\"border-radius:8px;height:400px;object-fit:cover;\" srcset=\"https:\/\/ijahn.de\/ollerosel\/wp-content\/uploads\/2025\/08\/Beitrag-Lifehack.jpg 1200w, https:\/\/ijahn.de\/ollerosel\/wp-content\/uploads\/2025\/08\/Beitrag-Lifehack-768x320.jpg 768w\" sizes=\"auto, (max-width: 1200px) 100vw, 1200px\" \/><\/a><\/figure>\n\n\n<div class=\"wp-block-group is-layout-flow wp-block-group-is-layout-flow\"><h3 style=\"padding-right:0;padding-left:0;margin-top:0px;margin-bottom:0px;\" class=\"wp-block-post-title has-text-color has-mono-1-color\"><a href=\"https:\/\/ijahn.de\/ollerosel\/lebenshilfen\/\" target=\"_self\" >Lebenshilfen<\/a><\/h3>\n\n\n<div class=\"wp-block-group is-nowrap is-layout-flex wp-container-core-group-is-layout-9cd48561 wp-block-group-is-layout-flex\" style=\"margin-top:10px;margin-bottom:10px\"><div style=\"font-style:normal;font-weight:600;\" class=\"wp-block-post-date has-text-color has-contrast-dark-color has-superbfont-xsmall-font-size\"><time datetime=\"2025-08-24T17:47:53+02:00\"><a href=\"https:\/\/ijahn.de\/ollerosel\/lebenshilfen\/\">24.08.2025<\/a><\/time><\/div>\n\n\n<p class=\"has-primary-color has-text-color\" style=\"font-style:normal;font-weight:600\">\u2022<\/p>\n\n\n<div style=\"font-style:normal;font-weight:600;\" class=\"wp-block-post-author-name has-text-color has-contrast-dark-color has-superbfont-xsmall-font-size\"><a href=\"https:\/\/ijahn.de\/ollerosel\/author\/ollerosel\/\" target=\"_self\" class=\"wp-block-post-author-name__link\">oller Osel<\/a><\/div><\/div>\n\n\n<div style=\"margin-top:20px;margin-right:0px;margin-bottom:0px;margin-left:0px;\" class=\"wp-block-post-excerpt has-text-color has-mono-2-color\"><p class=\"wp-block-post-excerpt__excerpt\">In Internet und auch im realen Leben tummeln sich viele Spitzbuben. Damit du nicht auf deren Machenschaften hereinf\u00e4llst, sind hier einige Lifehacks. F\u00fcr euch getestet und f\u00fcr gut befunden:<\/p><p class=\"wp-block-post-excerpt__more-text\"><a class=\"wp-block-post-excerpt__more-link\" href=\"https:\/\/ijahn.de\/ollerosel\/lebenshilfen\/\">&#8230; -&gt;<\/a><\/p><\/div><\/div>\n<\/div>\n\n<\/li><li class=\"wp-block-post post-2243 post type-post status-publish format-standard has-post-thumbnail hentry category-anmerkung tag-leichtsinn tag-medien tag-menschenverstand tag-missachtung tag-nachdenken tag-unfall tag-vermeidung\">\n\n<div class=\"wp-block-group alignwide is-nowrap is-layout-flex wp-container-core-group-is-layout-bb2c3a78 wp-block-group-is-layout-flex\" style=\"border-bottom-style:none;border-bottom-width:0px;margin-bottom:0;padding-top:0;padding-bottom:0\"><figure style=\"height:400px;\" class=\"alignwide wp-block-post-featured-image\"><a href=\"https:\/\/ijahn.de\/ollerosel\/unfallvermeidung\/\" target=\"_self\"  style=\"height:400px\"><img loading=\"lazy\" decoding=\"async\" width=\"1200\" height=\"500\" src=\"https:\/\/ijahn.de\/ollerosel\/wp-content\/uploads\/2025\/08\/Beitrag-Anmerkung.jpg\" class=\"attachment-post-thumbnail size-post-thumbnail wp-post-image\" alt=\"Unfallvermeidung\" style=\"border-radius:8px;height:400px;object-fit:cover;\" srcset=\"https:\/\/ijahn.de\/ollerosel\/wp-content\/uploads\/2025\/08\/Beitrag-Anmerkung.jpg 1200w, https:\/\/ijahn.de\/ollerosel\/wp-content\/uploads\/2025\/08\/Beitrag-Anmerkung-768x320.jpg 768w\" sizes=\"auto, (max-width: 1200px) 100vw, 1200px\" \/><\/a><\/figure>\n\n\n<div class=\"wp-block-group is-layout-flow wp-block-group-is-layout-flow\"><h3 style=\"padding-right:0;padding-left:0;margin-top:0px;margin-bottom:0px;\" class=\"wp-block-post-title has-text-color has-mono-1-color\"><a href=\"https:\/\/ijahn.de\/ollerosel\/unfallvermeidung\/\" target=\"_self\" >Unfallvermeidung<\/a><\/h3>\n\n\n<div class=\"wp-block-group is-nowrap is-layout-flex wp-container-core-group-is-layout-9cd48561 wp-block-group-is-layout-flex\" style=\"margin-top:10px;margin-bottom:10px\"><div style=\"font-style:normal;font-weight:600;\" class=\"wp-block-post-date has-text-color has-contrast-dark-color has-superbfont-xsmall-font-size\"><time datetime=\"2025-08-03T16:59:03+02:00\"><a href=\"https:\/\/ijahn.de\/ollerosel\/unfallvermeidung\/\">03.08.2025<\/a><\/time><\/div>\n\n\n<p class=\"has-primary-color has-text-color\" style=\"font-style:normal;font-weight:600\">\u2022<\/p>\n\n\n<div style=\"font-style:normal;font-weight:600;\" class=\"wp-block-post-author-name has-text-color has-contrast-dark-color has-superbfont-xsmall-font-size\"><a href=\"https:\/\/ijahn.de\/ollerosel\/author\/ollerosel\/\" target=\"_self\" class=\"wp-block-post-author-name__link\">oller Osel<\/a><\/div><\/div>\n\n\n<div style=\"margin-top:20px;margin-right:0px;margin-bottom:0px;margin-left:0px;\" class=\"wp-block-post-excerpt has-text-color has-mono-2-color\"><p class=\"wp-block-post-excerpt__excerpt\">In den Medien wird oft berichtet, dass irgendwo ein Unfall passiert ist. Das erweckt leicht den Eindruck, als sei es Schicksal und nicht ohne Grund passiert. Dabei ist ein Unfall nicht einfach passiert, sondern er wurde verursacht. Mit dieser Pr\u00e4misse sollten Medien \u00fcber Unf\u00e4lle berichten und es sollte sich in den K\u00f6pfen eines Jeden&hellip;<\/p><p class=\"wp-block-post-excerpt__more-text\"><a class=\"wp-block-post-excerpt__more-link\" href=\"https:\/\/ijahn.de\/ollerosel\/unfallvermeidung\/\">&#8230; -&gt;<\/a><\/p><\/div><\/div>\n<\/div>\n\n<\/li><li class=\"wp-block-post post-2278 post type-post status-publish format-standard has-post-thumbnail hentry category-new tag-duisburg\">\n\n<div class=\"wp-block-group alignwide is-nowrap is-layout-flex wp-container-core-group-is-layout-bb2c3a78 wp-block-group-is-layout-flex\" style=\"border-bottom-style:none;border-bottom-width:0px;margin-bottom:0;padding-top:0;padding-bottom:0\"><figure style=\"height:400px;\" class=\"alignwide wp-block-post-featured-image\"><a href=\"https:\/\/ijahn.de\/ollerosel\/duisburg\/\" target=\"_self\"  style=\"height:400px\"><img loading=\"lazy\" decoding=\"async\" width=\"1200\" height=\"500\" src=\"https:\/\/ijahn.de\/ollerosel\/wp-content\/uploads\/2025\/07\/Beitrag-New.jpg\" class=\"attachment-post-thumbnail size-post-thumbnail wp-post-image\" alt=\"Duisburg\" style=\"border-radius:8px;height:400px;object-fit:cover;\" srcset=\"https:\/\/ijahn.de\/ollerosel\/wp-content\/uploads\/2025\/07\/Beitrag-New.jpg 1200w, https:\/\/ijahn.de\/ollerosel\/wp-content\/uploads\/2025\/07\/Beitrag-New-768x320.jpg 768w\" sizes=\"auto, (max-width: 1200px) 100vw, 1200px\" \/><\/a><\/figure>\n\n\n<div class=\"wp-block-group is-layout-flow wp-block-group-is-layout-flow\"><h3 style=\"padding-right:0;padding-left:0;margin-top:0px;margin-bottom:0px;\" class=\"wp-block-post-title has-text-color has-mono-1-color\"><a href=\"https:\/\/ijahn.de\/ollerosel\/duisburg\/\" target=\"_self\" >Duisburg<\/a><\/h3>\n\n\n<div class=\"wp-block-group is-nowrap is-layout-flex wp-container-core-group-is-layout-9cd48561 wp-block-group-is-layout-flex\" style=\"margin-top:10px;margin-bottom:10px\"><div style=\"font-style:normal;font-weight:600;\" class=\"wp-block-post-date has-text-color has-contrast-dark-color has-superbfont-xsmall-font-size\"><time datetime=\"2025-08-02T09:35:58+02:00\"><a href=\"https:\/\/ijahn.de\/ollerosel\/duisburg\/\">02.08.2025<\/a><\/time><\/div>\n\n\n<p class=\"has-primary-color has-text-color\" style=\"font-style:normal;font-weight:600\">\u2022<\/p>\n\n\n<div style=\"font-style:normal;font-weight:600;\" class=\"wp-block-post-author-name has-text-color has-contrast-dark-color has-superbfont-xsmall-font-size\"><a href=\"https:\/\/ijahn.de\/ollerosel\/author\/ollerosel\/\" target=\"_self\" class=\"wp-block-post-author-name__link\">oller Osel<\/a><\/div><\/div>\n\n\n<div style=\"margin-top:20px;margin-right:0px;margin-bottom:0px;margin-left:0px;\" class=\"wp-block-post-excerpt has-text-color has-mono-2-color\"><p class=\"wp-block-post-excerpt__excerpt\">Etwas zum Innehalten und Besinnen.<\/p><p class=\"wp-block-post-excerpt__more-text\"><a class=\"wp-block-post-excerpt__more-link\" href=\"https:\/\/ijahn.de\/ollerosel\/duisburg\/\">&#8230; -&gt;<\/a><\/p><\/div><\/div>\n<\/div>\n\n<\/li><li class=\"wp-block-post post-1938 post type-post status-publish format-standard has-post-thumbnail hentry category-info\">\n\n<div class=\"wp-block-group alignwide is-nowrap is-layout-flex wp-container-core-group-is-layout-bb2c3a78 wp-block-group-is-layout-flex\" style=\"border-bottom-style:none;border-bottom-width:0px;margin-bottom:0;padding-top:0;padding-bottom:0\"><figure style=\"height:400px;\" class=\"alignwide wp-block-post-featured-image\"><a href=\"https:\/\/ijahn.de\/ollerosel\/headline\/\" target=\"_self\"  style=\"height:400px\"><img loading=\"lazy\" decoding=\"async\" width=\"1200\" height=\"500\" src=\"https:\/\/ijahn.de\/ollerosel\/wp-content\/uploads\/2025\/07\/Beitrag-Info.jpg\" class=\"attachment-post-thumbnail size-post-thumbnail wp-post-image\" alt=\"Baustelle\" style=\"border-radius:8px;height:400px;object-fit:cover;\" srcset=\"https:\/\/ijahn.de\/ollerosel\/wp-content\/uploads\/2025\/07\/Beitrag-Info.jpg 1200w, https:\/\/ijahn.de\/ollerosel\/wp-content\/uploads\/2025\/07\/Beitrag-Info-768x320.jpg 768w\" sizes=\"auto, (max-width: 1200px) 100vw, 1200px\" \/><\/a><\/figure>\n\n\n<div class=\"wp-block-group is-layout-flow wp-block-group-is-layout-flow\"><h3 style=\"padding-right:0;padding-left:0;margin-top:0px;margin-bottom:0px;\" class=\"wp-block-post-title has-text-color has-mono-1-color\"><a href=\"https:\/\/ijahn.de\/ollerosel\/headline\/\" target=\"_self\" >Baustelle<\/a><\/h3>\n\n\n<div class=\"wp-block-group is-nowrap is-layout-flex wp-container-core-group-is-layout-9cd48561 wp-block-group-is-layout-flex\" style=\"margin-top:10px;margin-bottom:10px\"><div style=\"font-style:normal;font-weight:600;\" class=\"wp-block-post-date has-text-color has-contrast-dark-color has-superbfont-xsmall-font-size\"><time datetime=\"2025-07-01T08:30:15+02:00\"><a href=\"https:\/\/ijahn.de\/ollerosel\/headline\/\">01.07.2025<\/a><\/time><\/div>\n\n\n<p class=\"has-primary-color has-text-color\" style=\"font-style:normal;font-weight:600\">\u2022<\/p>\n\n\n<div style=\"font-style:normal;font-weight:600;\" class=\"wp-block-post-author-name has-text-color has-contrast-dark-color has-superbfont-xsmall-font-size\"><a href=\"https:\/\/ijahn.de\/ollerosel\/author\/ollerosel\/\" target=\"_self\" class=\"wp-block-post-author-name__link\">oller Osel<\/a><\/div><\/div>\n\n\n<div style=\"margin-top:20px;margin-right:0px;margin-bottom:0px;margin-left:0px;\" class=\"wp-block-post-excerpt has-text-color has-mono-2-color\"><p class=\"wp-block-post-excerpt__excerpt\">+++ UPDATE +++ 03.08.2025 &#8211; Die Umbauphase ist vorbei. Viel Spa\u00df beim Lesen! Zurzeit ist diese Webseite eine Baustelle und \u00e4ndert sich zuweilen im Layout, Aufbau und\/oder Inhalt. Die Webseite wird peu \u00e0 peu komplett umgebaut. Das kann noch etwas dauern. Bitte \u00fcbe dich so lange in Geduld und lasse dich vom Endergebnis \u00fcberraschen!<\/p><p class=\"wp-block-post-excerpt__more-text\"><a class=\"wp-block-post-excerpt__more-link\" href=\"https:\/\/ijahn.de\/ollerosel\/headline\/\">&#8230; -&gt;<\/a><\/p><\/div><\/div>\n<\/div>\n\n<\/li><\/ul>\n\n\n<div class=\"wp-block-group alignwide has-mono-1-color has-text-color has-global-padding is-layout-constrained wp-container-core-group-is-layout-2ee64fa6 wp-block-group-is-layout-constrained\" style=\"border-radius:10px;margin-top:50px;margin-bottom:0px;padding-right:0;padding-left:0\"><\/div>\n<\/div>\n<\/main>\n","protected":false},"excerpt":{"rendered":"","protected":false},"author":2,"featured_media":0,"parent":0,"menu_order":0,"comment_status":"closed","ping_status":"closed","template":"","meta":{"footnotes":""},"class_list":["post-766","page","type-page","status-publish","hentry"],"_links":{"self":[{"href":"https:\/\/ijahn.de\/ollerosel\/wp-json\/wp\/v2\/pages\/766","targetHints":{"allow":["GET"]}}],"collection":[{"href":"https:\/\/ijahn.de\/ollerosel\/wp-json\/wp\/v2\/pages"}],"about":[{"href":"https:\/\/ijahn.de\/ollerosel\/wp-json\/wp\/v2\/types\/page"}],"author":[{"embeddable":true,"href":"https:\/\/ijahn.de\/ollerosel\/wp-json\/wp\/v2\/users\/2"}],"replies":[{"embeddable":true,"href":"https:\/\/ijahn.de\/ollerosel\/wp-json\/wp\/v2\/comments?post=766"}],"version-history":[{"count":31,"href":"https:\/\/ijahn.de\/ollerosel\/wp-json\/wp\/v2\/pages\/766\/revisions"}],"predecessor-version":[{"id":2170,"href":"https:\/\/ijahn.de\/ollerosel\/wp-json\/wp\/v2\/pages\/766\/revisions\/2170"}],"wp:attachment":[{"href":"https:\/\/ijahn.de\/ollerosel\/wp-json\/wp\/v2\/media?parent=766"}],"curies":[{"name":"wp","href":"https:\/\/api.w.org\/{rel}","templated":true}]}}